{"id":11,"date":"2025-12-29T19:51:31","date_gmt":"2025-12-29T19:51:31","guid":{"rendered":"https:\/\/74qnck1g.uk.com\/?page_id=11"},"modified":"2026-03-27T15:32:44","modified_gmt":"2026-03-27T15:32:44","slug":"trang-chu","status":"publish","type":"page","link":"https:\/\/gram.za.com\/","title":{"rendered":"Trang ch\u1ee7"},"content":{"rendered":"\n\t<section class=\"section\" id=\"section_1680789796\">\n\t\t<div class=\"section-bg fill\" >\n\t\t\t\t\t\t\t\t\t\n\t\t\t\n\n\t\t<\/div>\n\n\t\t\n\n\t\t<div class=\"section-content relative\">\n\t\t\t\n<div class=\"row\"  id=\"row-202439370\">\n\n\t<div id=\"col-2056619632\" class=\"col small-12 large-12\"  >\n\t\t\t\t<div class=\"col-inner\"  >\n\t\t\t\n\t\t\t\n<h1 style=\"text-align: center;\" data-start=\"278\" data-end=\"359\"><strong data-start=\"280\" data-end=\"359\">G28 &#8211; Trang Ch\u1ee7 G28 COM Ch\u00ednh Th\u1ee9c | \u0110\u0103ng K\u00fd, T\u00e3i App +88K<\/strong><\/h1>\n<section class=\"text-token-text-primary w-full focus:outline-none &#091;--shadow-height:45px&#093; has-data-writing-block:pointer-events-none has-data-writing-block:-mt-(--shadow-height) has-data-writing-block:pt-(--shadow-height) &#091;&amp;:has(&#091;data-writing-block&#093;)&gt;*&#093;:pointer-events-auto scroll-mt-(--header-height)\" dir=\"auto\" data-turn-id=\"e8128d25-9a8c-4aff-9234-bd4cfe500b47\" data-testid=\"conversation-turn-5\" data-scroll-anchor=\"false\" data-turn=\"user\"><\/section>\n<section class=\"text-token-text-primary w-full focus:outline-none &#091;--shadow-height:45px&#093; has-data-writing-block:pointer-events-none has-data-writing-block:-mt-(--shadow-height) has-data-writing-block:pt-(--shadow-height) &#091;&amp;:has(&#091;data-writing-block&#093;)&gt;*&#093;:pointer-events-auto scroll-mt-&#091;calc(var(--header-height)+min(200px,max(70px,20svh)))&#093;\" dir=\"auto\" data-turn-id=\"request-WEB:38afef2d-c4a0-4631-a685-562aa1671f37-5\" data-testid=\"conversation-turn-6\" data-scroll-anchor=\"true\" data-turn=\"assistant\">\n<div class=\"text-base my-auto mx-auto pb-10 &#091;--thread-content-margin:var(--thread-content-margin-xs,calc(var(--spacing)*4))&#093; @w-sm\/main:&#091;--thread-content-margin:var(--thread-content-margin-sm,calc(var(--spacing)*6))&#093; @w-lg\/main:&#091;--thread-content-margin:var(--thread-content-margin-lg,calc(var(--spacing)*16))&#093; px-(--thread-content-margin)\">\n<div class=\"&#091;--thread-content-max-width:40rem&#093; @w-lg\/main:&#091;--thread-content-max-width:48rem&#093; mx-auto max-w-(--thread-content-max-width) flex-1 group\/turn-messages focus-visible:outline-hidden relative flex w-full min-w-0 flex-col agent-turn\">\n<div class=\"flex max-w-full flex-col gap-4 grow\">\n<div class=\"min-h-8 text-message relative flex w-full flex-col items-end gap-2 text-start break-words whitespace-normal outline-none keyboard-focused:focus-ring &#091;.text-message+&amp;&#093;:mt-1\" dir=\"auto\" tabindex=\"0\" data-message-author-role=\"assistant\" data-message-id=\"6a0136ba-ce91-43bc-b884-3adf2d846457\" data-message-model-slug=\"gpt-5-3\" data-turn-start-message=\"true\">\n<div class=\"flex w-full flex-col gap-1 empty:hidden\">\n<div class=\"markdown prose dark:prose-invert w-full wrap-break-word light markdown-new-styling\">\n<p data-start=\"0\" data-end=\"779\" data-is-last-node=\"\" data-is-only-node=\"\"><strong><a href=\"https:\/\/gram.za.com\/\">G28<\/a><\/strong> \u0111ang d\u1ea7n kh\u1eb3ng \u0111\u1ecbnh v\u1ecb th\u1ebf l\u00e0 m\u1ed9t trong nh\u1eefng c\u1ed5ng game tr\u1ef1c tuy\u1ebfn \u0111\u01b0\u1ee3c s\u0103n \u0111\u00f3n trong n\u0103m 2026, nh\u1edd v\u00e0o quy tr\u00ecnh \u0111\u0103ng k\u00fd nhanh g\u1ecdn, t\u1ea3i app ti\u1ec7n l\u1ee3i c\u00f9ng \u01b0u \u0111\u00e3i t\u00e2n th\u1ee7 +88K c\u1ef1c k\u1ef3 d\u1ec5 ti\u1ebfp c\u1eadn. Tr\u1ea3i nghi\u1ec7m th\u1ef1c t\u1ebf cho th\u1ea5y, ng\u01b0\u1eddi ch\u01a1i ch\u1ec9 m\u1ea5t kho\u1ea3ng 1\u20132 ph\u00fat \u0111\u1ec3 t\u1ea1o t\u00e0i kho\u1ea3n v\u00e0 b\u1eaft \u0111\u1ea7u kh\u00e1m ph\u00e1 kho tr\u00f2 ch\u01a1i \u0111a d\u1ea1ng t\u1eeb slot, b\u1eafn c\u00e1 \u0111\u1ebfn live casino, t\u1ea5t c\u1ea3 \u0111\u1ec1u v\u1eadn h\u00e0nh m\u01b0\u1ee3t m\u00e0 tr\u00ean c\u1ea3 \u0111i\u1ec7n tho\u1ea1i l\u1eabn m\u00e1y t\u00ednh. \u0110i\u1ec3m c\u1ed9ng l\u1edbn c\u1ee7a G28 n\u1eb1m \u1edf h\u1ec7 th\u1ed1ng giao d\u1ecbch \u1ed5n \u0111\u1ecbnh, nhi\u1ec1u ng\u01b0\u1eddi d\u00f9ng ph\u1ea3n h\u1ed3i th\u1eddi gian n\u1ea1p \u2013 r\u00fat ch\u1ec9 dao \u0111\u1ed9ng t\u1eeb 3\u20135 ph\u00fat, h\u1ea1n ch\u1ebf t\u1ed1i \u0111a t\u00ecnh tr\u1ea1ng ch\u1edd \u0111\u1ee3i. V\u1edbi giao di\u1ec7n th\u00e2n thi\u1ec7n, \u01b0u \u0111\u00e3i r\u00f5 r\u00e0ng v\u00e0 hi\u1ec7u su\u1ea5t v\u1eadn h\u00e0nh \u0111\u00e1ng tin c\u1eady, G28 l\u00e0 l\u1ef1a ch\u1ecdn ph\u00f9 h\u1ee3p cho c\u1ea3 ng\u01b0\u1eddi m\u1edbi l\u1eabn ng\u01b0\u1eddi ch\u01a1i l\u00e2u n\u0103m \u0111ang t\u00ecm ki\u1ebfm m\u1ed9t n\u1ec1n t\u1ea3ng gi\u1ea3i tr\u00ed nhanh \u2013 g\u1ecdn \u2013 hi\u1ec7u qu\u1ea3.<\/p>\n<\/div>\n<\/div>\n<\/div>\n<\/div>\n<\/div>\n<\/div>\n<\/section>\n<div class=\"container section-title-container\" ><h2 class=\"section-title section-title-center\"><b><\/b><span class=\"section-title-main\" >FAQ - C\u00e2u h\u1ecfi th\u01b0\u1eddng g\u1eb7p t\u1ea1i G28<\/span><b><\/b><\/h2><\/div>\n<div class=\"accordion\">\n\t<div id=\"accordion-3511173533\" class=\"accordion-item\">\n\t\t<a id=\"accordion-3511173533-label\" class=\"accordion-title plain\" href=\"#accordion-item-g28-l\u00e0-g\u00ec-v\u00e0-c\u00f3-th\u1ef1c-s\u1ef1-uy-t\u00edn-kh\u00f4ng?\" aria-expanded=\"false\" aria-controls=\"accordion-3511173533-content\" >\n\t\t\t<button class=\"toggle\" aria-label=\"Chuy\u1ec3n \u0111\u1ed5i\"><i class=\"icon-angle-down\"><\/i><\/button>\n\t\t\t<span>G28 l\u00e0 g\u00ec v\u00e0 c\u00f3 th\u1ef1c s\u1ef1 uy t\u00edn kh\u00f4ng?<\/span>\n\t\t<\/a>\n\t\t<div id=\"accordion-3511173533-content\" class=\"accordion-inner\" aria-labelledby=\"accordion-3511173533-label\" >\n\t\t\t\n<p>G28 l\u00e0 n\u1ec1n t\u1ea3ng gi\u1ea3i tr\u00ed tr\u1ef1c tuy\u1ebfn ho\u1ea1t \u0111\u1ed9ng theo m\u00f4 h\u00ecnh c\u1ed5ng game t\u1ed5ng h\u1ee3p, cung c\u1ea5p nhi\u1ec1u s\u1ea3n ph\u1ea9m nh\u01b0 casino live, n\u1ed5 h\u0169, b\u1eafn c\u00e1, game b\u00e0i \u0111\u1ed5i th\u01b0\u1edfng v\u00e0 c\u00e1 c\u01b0\u1ee3c th\u1ec3 thao. H\u1ec7 th\u1ed1ng \u0111\u01b0\u1ee3c x\u00e2y d\u1ef1ng v\u1edbi giao di\u1ec7n th\u00e2n thi\u1ec7n, t\u1ed1c \u0111\u1ed9 t\u1ea3i nhanh v\u00e0 kh\u1ea3 n\u0103ng t\u01b0\u01a1ng th\u00edch t\u1ed1t tr\u00ean c\u1ea3 m\u00e1y t\u00ednh l\u1eabn \u0111i\u1ec7n tho\u1ea1i. V\u1ec1 m\u1ee9c \u0111\u1ed9 uy t\u00edn, G28 \u00e1p d\u1ee5ng c\u00f4ng ngh\u1ec7 b\u1ea3o m\u1eadt SSL hi\u1ec7n \u0111\u1ea1i, m\u00e3 h\u00f3a to\u00e0n b\u1ed9 d\u1eef li\u1ec7u ng\u01b0\u1eddi d\u00f9ng v\u00e0 s\u1eed d\u1ee5ng thu\u1eadt to\u00e1n RNG \u0111\u1ec3 \u0111\u1ea3m b\u1ea3o k\u1ebft qu\u1ea3 tr\u00f2 ch\u01a1i minh b\u1ea1ch, c\u00f4ng b\u1eb1ng. Th\u1ef1c t\u1ebf tr\u1ea3i nghi\u1ec7m cho th\u1ea5y t\u1ed1c \u0111\u1ed9 x\u1eed l\u00fd n\u1ea1p \u2013 r\u00fat t\u1ea1i G28 kh\u00e1 \u1ed5n \u0111\u1ecbnh, th\u01b0\u1eddng ho\u00e0n t\u1ea5t ch\u1ec9 trong v\u00e0i ph\u00fat, gi\u00fap ng\u01b0\u1eddi ch\u01a1i y\u00ean t\u00e2m khi tham gia.<\/p>\n\t\t<\/div>\n\t<\/div>\n\t\n\t<div id=\"accordion-3390979911\" class=\"accordion-item\">\n\t\t<a id=\"accordion-3390979911-label\" class=\"accordion-title plain\" href=\"#accordion-item-v\u00ec-sao-\u0111\u00f4i-l\u00fac-kh\u00f4ng-truy-c\u1eadp-\u0111\u01b0\u1ee3c-g28?\" aria-expanded=\"false\" aria-controls=\"accordion-3390979911-content\" >\n\t\t\t<button class=\"toggle\" aria-label=\"Chuy\u1ec3n \u0111\u1ed5i\"><i class=\"icon-angle-down\"><\/i><\/button>\n\t\t\t<span>V\u00ec sao \u0111\u00f4i l\u00fac kh\u00f4ng truy c\u1eadp \u0111\u01b0\u1ee3c G28?<\/span>\n\t\t<\/a>\n\t\t<div id=\"accordion-3390979911-content\" class=\"accordion-inner\" aria-labelledby=\"accordion-3390979911-label\" >\n\t\t\t\n<p>T\u00ecnh tr\u1ea1ng kh\u00f4ng truy c\u1eadp \u0111\u01b0\u1ee3c G28 th\u01b0\u1eddng kh\u00f4ng xu\u1ea5t ph\u00e1t t\u1eeb l\u1ed7i h\u1ec7 th\u1ed1ng nghi\u00eam tr\u1ecdng m\u00e0 ch\u1ee7 y\u1ebfu do y\u1ebfu t\u1ed1 b\u00ean ngo\u00e0i. Nguy\u00ean nh\u00e2n ph\u1ed5 bi\u1ebfn nh\u1ea5t l\u00e0 c\u00e1c nh\u00e0 m\u1ea1ng trong n\u01b0\u1edbc ch\u1eb7n DNS \u0111\u1ed1i v\u1edbi c\u1ed5ng game qu\u1ed1c t\u1ebf, khi\u1ebfn link c\u0169 kh\u00f4ng c\u00f2n truy c\u1eadp \u0111\u01b0\u1ee3c. Ngo\u00e0i ra, G28 c\u0169ng c\u00f3 th\u1ec3 thay \u0111\u1ed5i \u0111\u01b0\u1eddng d\u1eabn \u0111\u1ecbnh k\u1ef3 ho\u1eb7c t\u1ea1m b\u1ea3o tr\u00ec \u0111\u1ec3 n\u00e2ng c\u1ea5p h\u1ec7 th\u1ed1ng. M\u1ed9t s\u1ed1 tr\u01b0\u1eddng h\u1ee3p kh\u00e1c \u0111\u1ebfn t\u1eeb tr\u00ecnh duy\u1ec7t l\u1ed7i cache ho\u1eb7c thi\u1ebft b\u1ecb ch\u01b0a \u0111\u01b0\u1ee3c c\u1eadp nh\u1eadt. \u0110\u1ec3 kh\u1eafc ph\u1ee5c, ng\u01b0\u1eddi ch\u01a1i n\u00ean s\u1eed d\u1ee5ng link G28 m\u1edbi nh\u1ea5t, \u0111\u1ed5i DNS sang Google ho\u1eb7c Cloudflare, ho\u1eb7c t\u1ea3i app G28 \u0111\u1ec3 truy c\u1eadp \u1ed5n \u0111\u1ecbnh h\u01a1n.<\/p>\n\t\t<\/div>\n\t<\/div>\n\t\n\t<div id=\"accordion-1507826692\" class=\"accordion-item\">\n\t\t<a id=\"accordion-1507826692-label\" class=\"accordion-title plain\" href=\"#accordion-item-ng\u01b0\u1eddi-m\u1edbi-c\u1ea7n-l\u01b0u-\u00fd-g\u00ec-khi-s\u1eed-d\u1ee5ng-g28?\" aria-expanded=\"false\" aria-controls=\"accordion-1507826692-content\" >\n\t\t\t<button class=\"toggle\" aria-label=\"Chuy\u1ec3n \u0111\u1ed5i\"><i class=\"icon-angle-down\"><\/i><\/button>\n\t\t\t<span>Ng\u01b0\u1eddi m\u1edbi c\u1ea7n l\u01b0u \u00fd g\u00ec khi s\u1eed d\u1ee5ng G28?<\/span>\n\t\t<\/a>\n\t\t<div id=\"accordion-1507826692-content\" class=\"accordion-inner\" aria-labelledby=\"accordion-1507826692-label\" >\n\t\t\t\n<p>\u0110\u1ed1i v\u1edbi ng\u01b0\u1eddi m\u1edbi, \u0111i\u1ec1u quan tr\u1ecdng nh\u1ea5t khi s\u1eed d\u1ee5ng G28 l\u00e0 \u0111\u0103ng k\u00fd th\u00f4ng tin ch\u00ednh x\u00e1c v\u00e0 ch\u1ec9 t\u1ea1o m\u1ed9t t\u00e0i kho\u1ea3n duy nh\u1ea5t \u0111\u1ec3 tr\u00e1nh vi ph\u1ea1m quy \u0111\u1ecbnh h\u1ec7 th\u1ed1ng. Ng\u01b0\u1eddi ch\u01a1i c\u1ea7n \u0111\u1ecdc k\u1ef9 \u0111i\u1ec1u kho\u1ea3n khuy\u1ebfn m\u00e3i, \u0111\u1eb7c bi\u1ec7t l\u00e0 y\u00eau c\u1ea7u v\u00f2ng c\u01b0\u1ee3c tr\u01b0\u1edbc khi r\u00fat ti\u1ec1n, nh\u1eb1m h\u1ea1n ch\u1ebf hi\u1ec3u nh\u1ea7m kh\u00f4ng \u0111\u00e1ng c\u00f3. B\u00ean c\u1ea1nh \u0111\u00f3, vi\u1ec7c b\u1ea3o m\u1eadt t\u00e0i kho\u1ea3n c\u0169ng r\u1ea5t quan tr\u1ecdng, kh\u00f4ng chia s\u1ebb m\u1eadt kh\u1ea9u hay m\u00e3 OTP cho b\u1ea5t k\u1ef3 ai. Ng\u01b0\u1eddi m\u1edbi n\u00ean b\u1eaft \u0111\u1ea7u v\u1edbi m\u1ee9c v\u1ed1n nh\u1ecf, t\u1eadn d\u1ee5ng c\u00e1c ch\u01b0\u01a1ng tr\u00ecnh th\u01b0\u1edfng \u0111\u1ec3 l\u00e0m quen giao di\u1ec7n v\u00e0 c\u00e1ch v\u1eadn h\u00e0nh c\u1ee7a t\u1eebng tr\u00f2 ch\u01a1i tr\u01b0\u1edbc khi tham gia v\u1edbi s\u1ed1 ti\u1ec1n l\u1edbn h\u01a1n.<\/p>\n\t\t<\/div>\n\t<\/div>\n\t\n\t<div id=\"accordion-2026646788\" class=\"accordion-item\">\n\t\t<a id=\"accordion-2026646788-label\" class=\"accordion-title plain\" href=\"#accordion-item-l\u00e0m-th\u1ebf-n\u00e0o-\u0111\u1ec3-li\u00ean-h\u1ec7-v\u1edbi-g28-khi-g\u1eb7p-s\u1ef1-c\u1ed1?\" aria-expanded=\"false\" aria-controls=\"accordion-2026646788-content\" >\n\t\t\t<button class=\"toggle\" aria-label=\"Chuy\u1ec3n \u0111\u1ed5i\"><i class=\"icon-angle-down\"><\/i><\/button>\n\t\t\t<span>L\u00e0m th\u1ebf n\u00e0o \u0111\u1ec3 li\u00ean h\u1ec7 v\u1edbi G28 khi g\u1eb7p s\u1ef1 c\u1ed1?<\/span>\n\t\t<\/a>\n\t\t<div id=\"accordion-2026646788-content\" class=\"accordion-inner\" aria-labelledby=\"accordion-2026646788-label\" >\n\t\t\t\n<p>Khi g\u1eb7p c\u00e1c v\u1ea5n \u0111\u1ec1 nh\u01b0 kh\u00f4ng \u0111\u0103ng nh\u1eadp \u0111\u01b0\u1ee3c, n\u1ea1p r\u00fat b\u1ecb ch\u1eadm ho\u1eb7c l\u1ed7i trong qu\u00e1 tr\u00ecnh ch\u01a1i, ng\u01b0\u1eddi d\u00f9ng c\u00f3 th\u1ec3 li\u00ean h\u1ec7 tr\u1ef1c ti\u1ebfp v\u1edbi b\u1ed9 ph\u1eadn h\u1ed7 tr\u1ee3 c\u1ee7a G28. K\u00eanh ph\u1ed5 bi\u1ebfn v\u00e0 nhanh nh\u1ea5t l\u00e0 <strong data-start=\"2312\" data-end=\"2341\">Live Chat tr\u1ef1c tuy\u1ebfn 24\/7<\/strong> ngay tr\u00ean website ho\u1eb7c \u1ee9ng d\u1ee5ng, n\u01a1i nh\u00e2n vi\u00ean ph\u1ea3n h\u1ed3i ch\u1ec9 sau v\u00e0i ph\u00fat. Ngo\u00e0i ra, G28 c\u00f2n h\u1ed7 tr\u1ee3 qua Telegram, fanpage ho\u1eb7c k\u00eanh CSKH ri\u00eang d\u00e0nh cho th\u00e0nh vi\u00ean. \u0110\u1ec3 \u0111\u01b0\u1ee3c x\u1eed l\u00fd nhanh, ng\u01b0\u1eddi ch\u01a1i n\u00ean cung c\u1ea5p \u0111\u1ea7y \u0111\u1ee7 th\u00f4ng tin t\u00e0i kho\u1ea3n v\u00e0 m\u00f4 t\u1ea3 r\u00f5 s\u1ef1 c\u1ed1 \u0111ang g\u1eb7p ph\u1ea3i.<\/p>\n\t\t<\/div>\n\t<\/div>\n\t\n<\/div>\n\t\t<\/div>\n\t\t\t\t\t<\/div>\n\n\t\n<\/div>\n\t\t<\/div>\n\n\t\t\n<style>\n#section_1680789796 {\n  padding-top: 30px;\n  padding-bottom: 30px;\n}\n<\/style>\n\t<\/section>\n\t\n","protected":false},"excerpt":{"rendered":"","protected":false},"author":1,"featured_media":0,"parent":0,"menu_order":0,"comment_status":"closed","ping_status":"closed","template":"page-blank.php","meta":{"footnotes":""},"class_list":["post-11","page","type-page","status-publish","hentry"],"_links":{"self":[{"href":"https:\/\/gram.za.com\/index.php\/wp-json\/wp\/v2\/pages\/11","targetHints":{"allow":["GET"]}}],"collection":[{"href":"https:\/\/gram.za.com\/index.php\/wp-json\/wp\/v2\/pages"}],"about":[{"href":"https:\/\/gram.za.com\/index.php\/wp-json\/wp\/v2\/types\/page"}],"author":[{"embeddable":true,"href":"https:\/\/gram.za.com\/index.php\/wp-json\/wp\/v2\/users\/1"}],"replies":[{"embeddable":true,"href":"https:\/\/gram.za.com\/index.php\/wp-json\/wp\/v2\/comments?post=11"}],"version-history":[{"count":22,"href":"https:\/\/gram.za.com\/index.php\/wp-json\/wp\/v2\/pages\/11\/revisions"}],"predecessor-version":[{"id":24,"href":"https:\/\/gram.za.com\/index.php\/wp-json\/wp\/v2\/pages\/11\/revisions\/24"}],"wp:attachment":[{"href":"https:\/\/gram.za.com\/index.php\/wp-json\/wp\/v2\/media?parent=11"}],"curies":[{"name":"wp","href":"https:\/\/api.w.org\/{rel}","templated":true}]}}